{"id":228,"date":"2019-12-10T21:47:22","date_gmt":"2019-12-10T20:47:22","guid":{"rendered":"http:\/\/ratko-gali.de\/?page_id=228"},"modified":"2021-03-31T13:08:21","modified_gmt":"2021-03-31T11:08:21","slug":"sobre-los-cuadros","status":"publish","type":"page","link":"https:\/\/ratko-gali.de\/?page_id=228","title":{"rendered":"Sobre los cuadros"},"content":{"rendered":"\n<p>Seg\u00fan los conceptos pict\u00f3ricos, mis trabajos no\u00a0pertenecen a ning\u00fan movimiento estil\u00edstico en\u00a0particular.El modo y la manera de presentar los\u00a0espacios en los lienzos da como resultado un\u00a0lenguaje pict\u00f3rico propio en el cual los distornos\u00a0simplificados y claros, una pintura plana y la\u00a0separaci\u00f3n de las diferentes superficies\u00a0constituyen las caracter\u00edsticas m\u00e1s comunes.Los principios estil\u00edsticos manifestados en las\u00a0obras, como son la autonom\u00eda de color y forma\u00a0y el modo de relacionarlos entre s\u00ed, las superficies\u00a0dispuestas en capas claramente perfiladas libres de\u00a0la ilusi\u00f3n perspect\u00edvica o de la iluminaci\u00f3n natural\u00edstica, otorgan a los cuadros una expresi\u00f3n\u00a0totalmente independiente.No existe ning\u00fan campo tem\u00e1tico fijo, ya sea realya ficticio, sin embargo, en la mayor\u00eda de los casos es aquello que se reconoce por asociaci\u00f3n lo que,\u00a0durante el proceso pict\u00f3rico, se dispone en el lienzo hasta el encuentro definitivo de la imagen.\u00a0El cuadro terminado, por lo tanto, resulta ser m\u00e1s una reflexi\u00f3n que una teor\u00eda transformada en pintura.La discusi\u00f3n visual, la constante b\u00fasqueda de tensi\u00f3n y de armon\u00eda y de una calidad crom\u00e1tica ideal,\u00a0son elementos determinantes en mi pintura y constituyen,\u00a0al fin y al cabo, la motivaci\u00f3n y la estimulaci\u00f3n del trabajo.La realizaci\u00f3n t\u00e9cnica se verifica en el uso de pigmentos secos que, mezclados con case\u00edna o acr\u00edlico,\u00a0 me ofrecen\u00a0una amplia gama de posibilidades pict\u00f3ricas.<\/p>\n\n\n\n<p>Ratko Gali<\/p>\n\n\n\n<p>\u2014\u2014\u2014\u2014\u2014\u2014\u2014\u2014\u2014\u2014\u2014\u2014\u2014\u2014\u2014<br><\/p>\n\n\n\n<p>El contraste entre lo natural y lo artificial, entre la naturaleza y lo creado, a menudo abre el campo tem\u00e1tico de lo construido en el espacio y el paisaje. En parte lo ficticio, en parte lo\u00a0visto lleva a composiciones an\u00e1logas a los principios formales de la naturaleza, a mundos imaginarios con recuerdos de lo visto. De las reducciones surgen superficies de car\u00e1cter geom\u00e9trico, signos y s\u00edmbolos que se combinan con partes figurativas de la obra para crear un juego pict\u00f3rico entre lo est\u00e1tico-constructivo y lo din\u00e1mico. Elementos pict\u00f3ricos abstractos se ubican en el entorno del espacio figurativo. Libre de compromiso narrativo, el cromatismo de acentuados contrastes, abre al espectador un propio mundo de im\u00e1genes.\u00a0\u00a0Por lo tanto, el proceso pict\u00f3rico no se determina,\u00a0por\u00a0teor\u00edas visualizadas sino,principalmente, por reacciones al aplicar la pintura, de la cual, lentamente, surgen asociaciones que derivan en la creaci\u00f3n de im\u00e1genes.<\/p>\n\n\n\n<p>Ratko Gali 2020<\/p>\n\n\n\n<p><\/p>\n","protected":false},"excerpt":{"rendered":"<p>Seg\u00fan los conceptos pict\u00f3ricos, mis trabajos no\u00a0pertenecen a ning\u00fan movimiento estil\u00edstico en\u00a0particular.El modo y la manera de presentar los\u00a0espacios en los lienzos da como resultado un\u00a0lenguaje pict\u00f3rico propio en el cual los distornos\u00a0simplificados y claros, una pintura plana y la\u00a0separaci\u00f3n de las diferentes superficies\u00a0constituyen las caracter\u00edsticas m\u00e1s comunes.Los principios estil\u00edsticos manifestados en las\u00a0obras, como son &hellip; <\/p>\n<p class=\"link-more\"><a href=\"https:\/\/ratko-gali.de\/?page_id=228\" class=\"more-link\"><span class=\"screen-reader-text\">\u201eSobre los cuadros\u201c<\/span> weiterlesen<\/a><\/p>\n","protected":false},"author":1,"featured_media":0,"parent":0,"menu_order":0,"comment_status":"closed","ping_status":"closed","template":"","meta":{"footnotes":""},"class_list":["post-228","page","type-page","status-publish","hentry"],"_links":{"self":[{"href":"https:\/\/ratko-gali.de\/index.php?rest_route=\/wp\/v2\/pages\/228","targetHints":{"allow":["GET"]}}],"collection":[{"href":"https:\/\/ratko-gali.de\/index.php?rest_route=\/wp\/v2\/pages"}],"about":[{"href":"https:\/\/ratko-gali.de\/index.php?rest_route=\/wp\/v2\/types\/page"}],"author":[{"embeddable":true,"href":"https:\/\/ratko-gali.de\/index.php?rest_route=\/wp\/v2\/users\/1"}],"replies":[{"embeddable":true,"href":"https:\/\/ratko-gali.de\/index.php?rest_route=%2Fwp%2Fv2%2Fcomments&post=228"}],"version-history":[{"count":4,"href":"https:\/\/ratko-gali.de\/index.php?rest_route=\/wp\/v2\/pages\/228\/revisions"}],"predecessor-version":[{"id":719,"href":"https:\/\/ratko-gali.de\/index.php?rest_route=\/wp\/v2\/pages\/228\/revisions\/719"}],"wp:attachment":[{"href":"https:\/\/ratko-gali.de\/index.php?rest_route=%2Fwp%2Fv2%2Fmedia&parent=228"}],"curies":[{"name":"wp","href":"https:\/\/api.w.org\/{rel}","templated":true}]}}